{"id":600,"date":"2025-04-16T19:02:33","date_gmt":"2025-04-17T01:02:33","guid":{"rendered":"http:\/\/www.mtacommerce.com\/?post_type=product&#038;p=600"},"modified":"2025-04-17T09:03:38","modified_gmt":"2025-04-17T15:03:38","slug":"bobina-de-valvula-solenoide-hidraulica","status":"publish","type":"product","link":"https:\/\/www.mtacommerce.com\/?product=bobina-de-valvula-solenoide-hidraulica","title":{"rendered":"Bobina de v\u00e1lvula solenoide hidraulica"},"content":{"rendered":"<p>Bobina de v\u00e1lvula solenoide (electrov\u00e1lvula hidr\u00e1ulica) de cartucho roscado de sistema de elevaci\u00f3n hidr\u00e1ulica, orificio interior de 13mm de altura, 37mm, 110V\u00a0 AC<\/p>\n","protected":false},"excerpt":{"rendered":"<p>bobina de v\u00e1lvula solenoide de cartucho hidr\u00e1ulico 110 VCA \/ 60Hz<\/p>\n","protected":false},"featured_media":603,"template":"","meta":{"rank_math_lock_modified_date":false},"product_cat":[34],"product_tag":[41,43,42],"class_list":{"0":"post-600","1":"product","2":"type-product","3":"status-publish","4":"has-post-thumbnail","6":"product_cat-electroneumatica-y-neumatica","7":"product_tag-bobina","8":"product_tag-hidraulica","9":"product_tag-solenoide","11":"first","12":"instock","13":"taxable","14":"shipping-taxable","15":"purchasable","16":"product-type-simple"},"_links":{"self":[{"href":"https:\/\/www.mtacommerce.com\/index.php?rest_route=\/wp\/v2\/product\/600"}],"collection":[{"href":"https:\/\/www.mtacommerce.com\/index.php?rest_route=\/wp\/v2\/product"}],"about":[{"href":"https:\/\/www.mtacommerce.com\/index.php?rest_route=\/wp\/v2\/types\/product"}],"wp:featuredmedia":[{"embeddable":true,"href":"https:\/\/www.mtacommerce.com\/index.php?rest_route=\/wp\/v2\/media\/603"}],"wp:attachment":[{"href":"https:\/\/www.mtacommerce.com\/index.php?rest_route=%2Fwp%2Fv2%2Fmedia&parent=600"}],"wp:term":[{"taxonomy":"product_cat","embeddable":true,"href":"https:\/\/www.mtacommerce.com\/index.php?rest_route=%2Fwp%2Fv2%2Fproduct_cat&post=600"},{"taxonomy":"product_tag","embeddable":true,"href":"https:\/\/www.mtacommerce.com\/index.php?rest_route=%2Fwp%2Fv2%2Fproduct_tag&post=600"}],"curies":[{"name":"wp","href":"https:\/\/api.w.org\/{rel}","templated":true}]}}