{"id":491,"date":"2024-08-23T07:16:05","date_gmt":"2024-08-23T07:16:05","guid":{"rendered":"http:\/\/www.mtacommerce.com\/?post_type=product&#038;p=491"},"modified":"2024-08-23T22:45:39","modified_gmt":"2024-08-23T22:45:39","slug":"sensor-de-posicion-flexible-fps-schunk","status":"publish","type":"product","link":"https:\/\/www.mtacommerce.com\/?product=sensor-de-posicion-flexible-fps-schunk","title":{"rendered":"Sensor de posici\u00f3n flexible FPS SCHUNK"},"content":{"rendered":"<p>Determinar hasta cinco posiciones de mand\u00edbula de una pinza, Sensor de posici\u00f3n,<\/p>\n","protected":false},"excerpt":{"rendered":"<p>Sensor FPS SCHUNK<\/p>\n","protected":false},"featured_media":520,"template":"","meta":{"rank_math_lock_modified_date":false},"product_cat":[31],"product_tag":[],"class_list":{"0":"post-491","1":"product","2":"type-product","3":"status-publish","4":"has-post-thumbnail","6":"product_cat-sensores","8":"first","9":"instock","10":"taxable","11":"shipping-taxable","12":"purchasable","13":"product-type-simple"},"_links":{"self":[{"href":"https:\/\/www.mtacommerce.com\/index.php?rest_route=\/wp\/v2\/product\/491"}],"collection":[{"href":"https:\/\/www.mtacommerce.com\/index.php?rest_route=\/wp\/v2\/product"}],"about":[{"href":"https:\/\/www.mtacommerce.com\/index.php?rest_route=\/wp\/v2\/types\/product"}],"wp:featuredmedia":[{"embeddable":true,"href":"https:\/\/www.mtacommerce.com\/index.php?rest_route=\/wp\/v2\/media\/520"}],"wp:attachment":[{"href":"https:\/\/www.mtacommerce.com\/index.php?rest_route=%2Fwp%2Fv2%2Fmedia&parent=491"}],"wp:term":[{"taxonomy":"product_cat","embeddable":true,"href":"https:\/\/www.mtacommerce.com\/index.php?rest_route=%2Fwp%2Fv2%2Fproduct_cat&post=491"},{"taxonomy":"product_tag","embeddable":true,"href":"https:\/\/www.mtacommerce.com\/index.php?rest_route=%2Fwp%2Fv2%2Fproduct_tag&post=491"}],"curies":[{"name":"wp","href":"https:\/\/api.w.org\/{rel}","templated":true}]}}